{"id":1264,"date":"2019-07-22T15:14:25","date_gmt":"2019-07-22T14:14:25","guid":{"rendered":"http:\/\/carthage-tech.net\/demo\/orangers\/?page_id=1264"},"modified":"2019-07-22T15:14:25","modified_gmt":"2019-07-22T14:14:25","slug":"mot-du-directeur","status":"publish","type":"page","link":"https:\/\/hotellesorangers.com\/?page_id=1264","title":{"rendered":"Mot du Directeur"},"content":{"rendered":"<div class=\"wpb-content-wrapper\"><p>[vc_row][vc_column width=\u00a0\u00bb1\/4&Prime;][\/vc_column][vc_column width=\u00a0\u00bb1\/2&Prime;][vc_column_text]<\/p>\n<p style=\"text-align: center\">Chers h\u00f4tes, \u00e0 l\u2019<strong>H\u00f4tel Les Orangers<\/strong> l\u2019\u00e9l\u00e9gance, la tradition et la convivialit\u00e9 s\u2019unissent \u00e0 une hospitalit\u00e9 attentive aux exigences du nouveau voyageur. Notre objectif est celui de vous faire sentir comme chez vous, en vous assurant l\u2019efficacit\u00e9 d\u2019un service 3 \u00e9toiles associ\u00e9 \u00e0 une exp\u00e9rience de voyage unique.<\/p>\n<p style=\"text-align: center\"><strong>Un seul mot d\u2019ordre \u00e0 l\u2019h\u00f4tel : votre satisfaction !<\/strong><\/p>\n<p style=\"text-align: center\">Chaque membre de l\u2019\u00e9quipe a d\u2019abord \u00e9t\u00e9 recrut\u00e9 pour ses qualit\u00e9s humaines et s\u2019efforcera de vous servir chaque jour dans la joie et la bonne humeur !<br \/>\nC\u2019est la raison pour laquelle, je crois pouvoir affirmer qu\u2019il r\u00e8gne \u00e0 l\u2019h\u00f4tel une ambiance particuli\u00e8re dont nous sommes fiers.<\/p>\n<p style=\"text-align: center\">Vous faire partager notre passion pour l\u2019hospitalit\u00e9, nos coup de c\u0153urs, nos bonnes adresses, satisfaire vos envies, parler de choses et d\u2019autres \u2026 Voil\u00e0 ce qui nous donne le sourire au quotidien !<\/p>\n<p style=\"text-align: center\">Bienvenue chez vous !<\/p>\n<p style=\"text-align: center\">Farid BOUCHEKHCHOUKHA<\/p>\n<p>[\/vc_column_text][\/vc_column][vc_column width=\u00a0\u00bb1\/4&Prime;][\/vc_column][\/vc_row]<\/p>\n<\/div>","protected":false},"excerpt":{"rendered":"<p>[vc_row][vc_column width=\u00a0\u00bb1\/4&Prime;][\/vc_column][vc_column width=\u00a0\u00bb1\/2&Prime;][vc_column_text] Chers h\u00f4tes, \u00e0 l\u2019H\u00f4tel Les Orangers l\u2019\u00e9l\u00e9gance, la &#8230; <\/p>\n","protected":false},"author":1,"featured_media":0,"parent":0,"menu_order":0,"comment_status":"closed","ping_status":"closed","template":"","meta":{"footnotes":""},"class_list":["post-1264","page","type-page","status-publish","hentry"],"_links":{"self":[{"href":"https:\/\/hotellesorangers.com\/index.php?rest_route=\/wp\/v2\/pages\/1264","targetHints":{"allow":["GET"]}}],"collection":[{"href":"https:\/\/hotellesorangers.com\/index.php?rest_route=\/wp\/v2\/pages"}],"about":[{"href":"https:\/\/hotellesorangers.com\/index.php?rest_route=\/wp\/v2\/types\/page"}],"author":[{"embeddable":true,"href":"https:\/\/hotellesorangers.com\/index.php?rest_route=\/wp\/v2\/users\/1"}],"replies":[{"embeddable":true,"href":"https:\/\/hotellesorangers.com\/index.php?rest_route=%2Fwp%2Fv2%2Fcomments&post=1264"}],"version-history":[{"count":0,"href":"https:\/\/hotellesorangers.com\/index.php?rest_route=\/wp\/v2\/pages\/1264\/revisions"}],"wp:attachment":[{"href":"https:\/\/hotellesorangers.com\/index.php?rest_route=%2Fwp%2Fv2%2Fmedia&parent=1264"}],"curies":[{"name":"wp","href":"https:\/\/api.w.org\/{rel}","templated":true}]}}